{"id":2214,"date":"2025-03-27T20:23:03","date_gmt":"2025-03-27T19:23:03","guid":{"rendered":"https:\/\/megatape.eu\/haendlersuche\/"},"modified":"2025-05-01T08:12:21","modified_gmt":"2025-05-01T07:12:21","slug":"haendlersuche","status":"publish","type":"page","link":"https:\/\/megatape.eu\/de\/haendlersuche\/","title":{"rendered":"H\u00e4ndlersuche"},"content":{"rendered":"\t\t<div data-elementor-type=\"wp-page\" data-elementor-id=\"2214\" class=\"elementor elementor-2214 elementor-1763\" data-elementor-post-type=\"page\">\n\t\t\t\t<div data-particle_enable=\"false\" data-particle-mobile-disabled=\"false\" data-dce-background-image-url=\"https:\/\/megatape.eu\/wp-content\/uploads\/2025\/03\/HhnnTvg21Bfet6KolouEZqWAtI-scaled.avif\" class=\"elementor-element elementor-element-34d1f5b6 e-con-full hero-text-container e-flex e-con e-parent\" data-id=\"34d1f5b6\" data-element_type=\"container\" data-e-type=\"container\" data-settings=\"{&quot;background_background&quot;:&quot;classic&quot;}\">\n\t\t<div data-particle_enable=\"false\" data-particle-mobile-disabled=\"false\" class=\"elementor-element elementor-element-4a2f3374 e-flex e-con-boxed e-con e-child\" data-id=\"4a2f3374\" data-element_type=\"container\" data-e-type=\"container\">\n\t\t\t\t\t<div class=\"e-con-inner\">\n\t\t<div data-particle_enable=\"false\" data-particle-mobile-disabled=\"false\" class=\"elementor-element elementor-element-73dcc9cc e-con-full e-flex e-con e-child\" data-id=\"73dcc9cc\" data-element_type=\"container\" data-e-type=\"container\">\n\t\t\t\t<div class=\"elementor-element elementor-element-1e5f42a8 elementor-widget elementor-widget-heading\" data-id=\"1e5f42a8\" data-element_type=\"widget\" data-e-type=\"widget\" data-widget_type=\"heading.default\">\n\t\t\t\t\t<h2 class=\"elementor-heading-title elementor-size-default\">MegaTape<\/h2>\t\t\t\t<\/div>\n\t\t\t\t<div class=\"elementor-element elementor-element-7418bf7f elementor-widget elementor-widget-heading\" data-id=\"7418bf7f\" data-element_type=\"widget\" data-e-type=\"widget\" data-widget_type=\"heading.default\">\n\t\t\t\t\t<h1 class=\"elementor-heading-title elementor-size-default\">Our resellers<\/h1>\t\t\t\t<\/div>\n\t\t\t\t<\/div>\n\t\t\t\t\t<\/div>\n\t\t\t\t<\/div>\n\t\t\t\t<\/div>\n\t\t<div data-particle_enable=\"false\" data-particle-mobile-disabled=\"false\" class=\"elementor-element elementor-element-d3a4f3c e-con-full e-flex e-con e-parent\" data-id=\"d3a4f3c\" data-element_type=\"container\" data-e-type=\"container\">\n\t\t<div data-particle_enable=\"false\" data-particle-mobile-disabled=\"false\" class=\"elementor-element elementor-element-f056ad0 e-flex e-con-boxed e-con e-child\" data-id=\"f056ad0\" data-element_type=\"container\" data-e-type=\"container\">\n\t\t\t\t\t<div class=\"e-con-inner\">\n\t\t\t\t<div class=\"elementor-element elementor-element-300987f elementor-widget elementor-widget-heading\" data-id=\"300987f\" data-element_type=\"widget\" data-e-type=\"widget\" data-widget_type=\"heading.default\">\n\t\t\t\t\t<h2 class=\"elementor-heading-title elementor-size-default\">Vind een MegaTape verkooppunt bij jou in de buurt<\/h2>\t\t\t\t<\/div>\n\t\t\t\t\t<\/div>\n\t\t\t\t<\/div>\n\t\t\t\t<div class=\"elementor-element elementor-element-9efd559 elementor-widget elementor-widget-shortcode\" data-id=\"9efd559\" data-element_type=\"widget\" data-e-type=\"widget\" data-widget_type=\"shortcode.default\">\n\t\t\t\t\t\t\t<div class=\"elementor-shortcode\"><style type=\"text\/css\">\n  body #asl-storelocator.asl-cont.asl-template-1 {--sl-font-size: 12px;--sl-title-size: 16px;--sl-btn-size: 12px;--sl-primary: #78B829;--sl-secondary: #78B829;--sl-header: #000000;--sl-header-color: #5D5656;--sl-infobox-color: #5D5656;--sl-infobox-bg: #FFFFFF;--sl-infobox-a: #000000;--sl-action-btn-color: #FFFFFF;--sl-action-btn-bg: #000000;--sl-color: #5D5656;--sl-list-bg: #FFFFFF;--sl-list-title: #5D5656;--sl-list-sub-title: #5D5656;--sl-highlighted: #ffffff;}.asl-p-cont .asl-print-btn,.asl-cont .asl-print-btn {display: none !important;}  #asl-storelocator.asl-cont .sl-main-cont .asl-panel.pol-lg-12 .asl-panel-inner{ position: relative;height: 450px;}\n  #asl-storelocator.asl-cont .sl-main-cont .asl-panel.pol-lg-12 {order: 2;}\n  .asl-cont .onoffswitch .onoffswitch-label .onoffswitch-switch:before {content: \"Offen\" !important;}\n  .asl-cont .onoffswitch .onoffswitch-label .onoffswitch-switch:after {content: \"ALLE\" !important;}\n  @media (max-width: 767px) {\n  #asl-storelocator.asl-cont .asl-panel {order: 2;}\n  }\n  .asl-cont .sl-hide-branches,\n  .asl-cont .sl-hide-branches:hover {color: #FFF !important; text-decoration: none !important;cursor: pointer;}\n  .sl-hide-branches + .asl-print-btn {display: none !important;}\n<\/style>\n<div id=\"asl-storelocator\" class=\"storelocator-main asl-cont asl-template-1 asl-layout-0 asl-bg-0 full-width no-asl-filters  asl-text-0\">\n  <div class=\"asl-wrapper\">\n    <div class=\"sl-container-fluid\">\n            <div class=\"Filter_section\">\n        <div class=\"sl-row\">\n          <div class=\"sl-form-group search_filter\">\n            <label for=\"auto-complete-search\">Verkaufsstelle suchen<\/label>\n            <div class=\"sl-search-group d-flex\">\n               <input type=\"text\" value=\"\" data-submit=\"disable\" id=\"auto-complete-search\" placeholder=\"Adresse eingeben\"  class=\"asl-search-address form-control isp_ignore\">\n               <button aria-label=\"Aktuelle Position\" title=\"Aktuelle Position\" type=\"button\" class=\"span-geo\"><i class=\"asl-geo icon-direction-outline\"><\/i><\/button>\n            <\/div>\n          <\/div>\n          <div class=\"sl-form-group range_filter hide asl-ddl-filters\">\n            <label for=\"asl-radius-slide\">Hinein<\/label>\n            <div class=\"rangeFilter asl-filter-cntrl\">\n              <input id=\"asl-radius-slide\" type=\"text\" class=\"span2\" \/>\n              <span class=\"rad-unit\">Radius: <span id=\"asl-radius-input\"><\/span><span id=\"asl-dist-unit\">Km<\/span><\/span>\n            <\/div>\n          <\/div>\n          <div class=\"sl-form-group Status_filter\">\n            <div class=\"asl-filter-cntrl\">\n               <div class=\"onoffswitch\">\n                  <input type=\"checkbox\" name=\"onoffswitch\" class=\"onoffswitch-checkbox\" id=\"asl-open-close\" checked>\n                  <label aria-label=\"Opened Stores\" title=\"Opened Stores\" class=\"onoffswitch-label\" for=\"asl-open-close\">\n                  <span class=\"onoffswitch-inner\"><\/span>\n                  <span class=\"onoffswitch-switch\"><\/span>\n                  <\/label>\n               <\/div>\n            <\/div>\n          <\/div>\n        <\/div>\n        <div class=\"asl-advance-filters hide\">\n          <div class=\"sl-row\">\n                                              <\/div>\n        <\/div>\n      <\/div>\n      <div class=\"sl-row\">\n        <div class=\"pol-12\">\n            <div class=\"sl-main-cont\">\n                <div class=\"sl-row no-gutters sl-main-row\">\n                    <div id=\"asl-panel\" class=\"asl-panel pol-md-5 pol-lg-4 asl_locator-panel\">\n                        <div class=\"asl-overlay\" id=\"map-loading\">\n                            <div class=\"white\"><\/div>\n                            <div class=\"sl-loading\">\n                              <i class=\"animate-sl-spin icon-spin3\"><\/i>\n                              Laden...                            <\/div>\n                        <\/div>\n                        <!-- list -->\n                        <div class=\"asl-panel-inner\">\n                            <div class=\"top-title Num_of_store\">\n                              <span><span class=\"sl-head-title\">Anzahl der Gesch\u00e4fte<\/span>: <span class=\"count-result\">0<\/span><\/span>\n                                                          <\/div>\n                            <div class=\"sl-main-cont-box\">\n                              <div id=\"asl-list\" class=\"sl-list-wrapper\">\n                                <ul id=\"p-statelist\" class=\"sl-list\">\n                                <\/ul>\n                              <\/div>\n                            <\/div>\n                        <\/div>\n                        <div class=\"directions-cont hide\">\n                            <div class=\"agile-modal-header\">\n                                <button type=\"button\" class=\"close\"><span aria-hidden=\"true\">\u00d7<\/span><\/button>\n                                <h4>Richtung speichern<\/h4>\n                            <\/div>\n                            <div class=\"rendered-directions\" id=\"asl-rendered-dir\" style=\"direction: ltr;\"><\/div>\n                        <\/div>\n                    <\/div>\n                    <div class=\"pol-md-7 pol-lg-8 asl-map\">\n                        <div class=\"map-image\">\n                            <div id=\"asl-map-canv\" class=\"asl-map-canv\"><\/div>\n                            <div id=\"agile-modal-direction\" class=\"agile-modal fade\">\n    <div class=\"agile-modal-backdrop-in\"><\/div>\n    <div class=\"agile-modal-dialog in\">\n        <div class=\"agile-modal-content\">\n            <div class=\"sl-form-group d-flex justify-content-between\">\n                <h4 >Route planen<\/h4>\n                <button type=\"button\" class=\"close-directions sl-close\" data-dismiss=\"agile-modal\" aria-label=\"Close\">&times;<\/button>\n            <\/div>\n            <div class=\"sl-form-group\">\n                <label for=\"frm-lbl\">Von:<\/label>\n                <input type=\"text\" class=\"form-control frm-place\" id=\"frm-lbl\" placeholder=\"Adresse eingeben\">\n            <\/div>\n            <div class=\"sl-form-group\">\n                <label for=\"to-lbl\">Nach:<\/label>\n                <input readonly=\"true\" type=\"text\"  class=\"directions-to form-control\" id=\"to-lbl\" placeholder=\"Prepopulated Destination Address\">\n            <\/div>\n            <div class=\"sl-form-group mb-0\">\n                <label for=\"rbtn-km\" class=\"checkbox-inline\">\n                    <input type=\"radio\" name=\"dist-type\"  id=\"rbtn-km\" value=\"0\"> Km                <\/label>\n                <label for=\"rbtn-mile\" class=\"checkbox-inline\">\n                    <input type=\"radio\" name=\"dist-type\" checked id=\"rbtn-mile\" value=\"1\"> Meilen                <\/label>\n            <\/div>\n            <div class=\"sl-form-group mb-0\">\n                <button type=\"submit\" class=\"btn btn-default btn-submit\">Route planen<\/button>\n            <\/div>\n        <\/div>\n    <\/div>\n<\/div>\n\n<div id=\"asl-geolocation-agile-modal\" class=\"agile-modal fade\">\n  <div class=\"agile-modal-backdrop-in\"><\/div>\n  <div class=\"agile-modal-dialog in\">\n    <div class=\"agile-modal-content\">\n            <div class=\"sl-form-group d-flex justify-content-between\">\n        <h5>Aktuelle Position verwenden um die n\u00e4chste Verkaufsstelle anzuzeigen<\/h5>\n        <button type=\"button\" class=\"close-directions sl-close\" data-dismiss=\"agile-modal\" aria-label=\"Close\">&times;<\/button>\n      <\/div>\n      <div class=\"sl-form-group text-center mb-0\">\n        <button type=\"button\" id=\"asl-btn-geolocation\" class=\"btn btn-block btn-default\">Position verwenden<\/button>\n      <\/div>\n          <\/div>\n  <\/div>\n<\/div>\n\n<div id=\"asl-desc-agile-modal\" class=\"agile-modal fade\">\n  <div class=\"agile-modal-backdrop-in\"><\/div>\n  <div class=\"agile-modal-dialog in\">\n    <div class=\"agile-modal-content\">\n      <div class=\"sl-row\">\n        <div class=\"pol-md-12\">\n          <div class=\"sl-form-group d-flex justify-content-between\">\n            <h4 class=\"sl-title\">Description<\/h4>\n            <button type=\"button\" class=\"close-directions sl-close\" data-dismiss=\"agile-modal\" aria-label=\"Close\">&times;<\/button>\n          <\/div>\n          <div class=\"sl-desc\"><\/div>\n        <\/div>\n      <\/div>\n    <\/div>\n  <\/div>\n<\/div>                        <\/div>\n                    <\/div>\n                <\/div>\n            <\/div>\n        <\/div>\n      <\/div>\n    <\/div>\n  <\/div>\n  <\/div>\n<!-- This plugin is developed by \"Agile Store Locator by WordPress\" https:\/\/agilestorelocator.com --><\/div>\n\t\t\t\t\t\t<\/div>\n\t\t\t\t<\/div>\n\t\t<div data-particle_enable=\"false\" data-particle-mobile-disabled=\"false\" class=\"elementor-element elementor-element-7a1a6c68 e-flex e-con-boxed e-con e-parent\" data-id=\"7a1a6c68\" data-element_type=\"container\" data-e-type=\"container\">\n\t\t\t\t\t<div class=\"e-con-inner\">\n\t\t<div data-particle_enable=\"false\" data-particle-mobile-disabled=\"false\" class=\"elementor-element elementor-element-509c45d6 e-con-full e-flex e-con e-child\" data-id=\"509c45d6\" data-element_type=\"container\" data-e-type=\"container\" data-settings=\"{&quot;background_background&quot;:&quot;classic&quot;}\">\n\t\t\t\t<div data-dce-title-color=\"#FFFFFF\" class=\"elementor-element elementor-element-68f0202 elementor-widget__width-initial elementor-widget-tablet__width-initial elementor-widget elementor-widget-heading\" data-id=\"68f0202\" data-element_type=\"widget\" data-e-type=\"widget\" data-widget_type=\"heading.default\">\n\t\t\t\t\t<h3 class=\"elementor-heading-title elementor-size-default\">Wil je ook een verkooppunt worden? Start uw dealer partner programma!<\/h3>\t\t\t\t<\/div>\n\t\t\t\t<div class=\"elementor-element elementor-element-1c65582c elementor-widget elementor-widget-button\" data-id=\"1c65582c\" data-element_type=\"widget\" data-e-type=\"widget\" data-widget_type=\"button.default\">\n\t\t\t\t\t\t\t\t\t\t<a class=\"elementor-button elementor-button-link elementor-size-sm elementor-animation-grow\" href=\"https:\/\/megatape.eu\/de\/partnerprogramma\/\">\n\t\t\t\t\t\t<span class=\"elementor-button-content-wrapper\">\n\t\t\t\t\t\t\t\t\t<span class=\"elementor-button-text\">Contact ons<\/span>\n\t\t\t\t\t<\/span>\n\t\t\t\t\t<\/a>\n\t\t\t\t\t\t\t\t<\/div>\n\t\t\t\t<\/div>\n\t\t\t\t\t<\/div>\n\t\t\t\t<\/div>\n\t\t<div data-particle_enable=\"false\" data-particle-mobile-disabled=\"false\" class=\"elementor-element elementor-element-9f69342 e-flex e-con-boxed e-con e-parent\" data-id=\"9f69342\" data-element_type=\"container\" data-e-type=\"container\">\n\t\t\t\t\t<div class=\"e-con-inner\">\n\t\t\t\t<div class=\"elementor-element elementor-element-bceb372 elementor-widget elementor-widget-template\" data-id=\"bceb372\" data-element_type=\"widget\" data-e-type=\"widget\" data-widget_type=\"template.default\">\n\t\t\t\t<div class=\"elementor-widget-container\">\n\t\t\t\t\t\t\t<div class=\"elementor-template\">\n\t\t\t\t\t<div data-elementor-type=\"container\" data-elementor-id=\"2148\" class=\"elementor elementor-2148 elementor-1439\" data-elementor-post-type=\"elementor_library\">\n\t\t\t\t<div data-particle_enable=\"false\" data-particle-mobile-disabled=\"false\" class=\"elementor-element elementor-element-22a7abcf e-flex e-con-boxed e-con e-parent\" data-id=\"22a7abcf\" data-element_type=\"container\" data-e-type=\"container\" id=\"home-1e-blok\">\n\t\t\t\t\t<div class=\"e-con-inner\">\n\t\t<div data-particle_enable=\"false\" data-particle-mobile-disabled=\"false\" class=\"elementor-element elementor-element-1ee2e188 e-grid e-con-full e-con e-child\" data-id=\"1ee2e188\" data-element_type=\"container\" data-e-type=\"container\">\n\t\t<div data-particle_enable=\"false\" data-particle-mobile-disabled=\"false\" class=\"elementor-element elementor-element-55e41878 e-con-full e-flex e-con e-child\" data-id=\"55e41878\" data-element_type=\"container\" data-e-type=\"container\">\n\t\t\t\t<div class=\"elementor-element elementor-element-10682c6f elementor-widget elementor-widget-heading\" data-id=\"10682c6f\" data-element_type=\"widget\" data-e-type=\"widget\" data-widget_type=\"heading.default\">\n\t\t\t\t\t<h2 class=\"elementor-heading-title elementor-size-default\">The professionals\u2019 choice<\/h2>\t\t\t\t<\/div>\n\t\t\t\t<div class=\"elementor-element elementor-element-3284f9ad elementor-widget elementor-widget-text-editor\" data-id=\"3284f9ad\" data-element_type=\"widget\" data-e-type=\"widget\" data-widget_type=\"text-editor.default\">\n\t\t\t\t\t\t\t\t\t<p>Durch die enge Zusammenarbeit mit Event-Experten entwickeln sich unsere Tapes st\u00e4ndig weiter. Und gemeinsam mit f\u00fchrenden Gro\u00dfh\u00e4ndlern aus der Licht-, Bild- und Tonbranche bieten wir Qualit\u00e4t, Zuverl\u00e4ssigkeit und Service, auf den man sich verlassen kann.<\/p>\n\t\t\t\t\t\t\t\t<\/div>\n\t\t\t\t<div class=\"elementor-element elementor-element-538a1c54 elementor-widget elementor-widget-button\" data-id=\"538a1c54\" data-element_type=\"widget\" data-e-type=\"widget\" data-widget_type=\"button.default\">\n\t\t\t\t\t\t\t\t\t\t<a class=\"elementor-button elementor-button-link elementor-size-sm elementor-animation-grow\" href=\"https:\/\/megatape.eu\/de\/about-us\/\">\n\t\t\t\t\t\t<span class=\"elementor-button-content-wrapper\">\n\t\t\t\t\t\t\t\t\t<span class=\"elementor-button-text\">\u00dcber uns<\/span>\n\t\t\t\t\t<\/span>\n\t\t\t\t\t<\/a>\n\t\t\t\t\t\t\t\t<\/div>\n\t\t\t\t<\/div>\n\t\t<div data-particle_enable=\"false\" data-particle-mobile-disabled=\"false\" class=\"elementor-element elementor-element-58d6f64d e-con-full img-container e-flex e-con e-child\" data-id=\"58d6f64d\" data-element_type=\"container\" data-e-type=\"container\" data-settings=\"{&quot;background_background&quot;:&quot;classic&quot;}\">\n\t\t\t\t<div class=\"elementor-element elementor-element-85c42b1 elementor-widget elementor-widget-video\" data-id=\"85c42b1\" data-element_type=\"widget\" data-e-type=\"widget\" data-settings=\"{&quot;video_type&quot;:&quot;hosted&quot;,&quot;autoplay&quot;:&quot;yes&quot;,&quot;mute&quot;:&quot;yes&quot;,&quot;controls&quot;:&quot;yes&quot;}\" data-widget_type=\"video.default\">\n\t\t\t\t\t\t\t<div class=\"e-hosted-video elementor-wrapper elementor-open-inline\">\n\t\t\t\t\t<video class=\"elementor-video\" src=\"https:\/\/megatape.eu\/wp-content\/uploads\/2025\/03\/MEGATAPE-PRODUCTGAMMA_MT.mp4\" autoplay=\"\" controls=\"\" muted=\"muted\" controlsList=\"nodownload\"><\/video>\n\t\t\t\t<\/div>\n\t\t\t\t\t\t<\/div>\n\t\t\t\t<\/div>\n\t\t\t\t<\/div>\n\t\t\t\t\t<\/div>\n\t\t\t\t<\/div>\n\t\t\t\t<\/div>\n\t\t\t\t<\/div>\n\t\t\t\t\t\t<\/div>\n\t\t\t\t<\/div>\n\t\t\t\t\t<\/div>\n\t\t\t\t<\/div>\n\t\t\t\t<\/div>\n\t\t","protected":false},"excerpt":{"rendered":"<p>MegaTape Our resellers Vind een MegaTape verkooppunt bij jou in de buurt Wil je ook een verkooppunt worden? Start uw dealer partner programma! Contact ons<\/p>\n","protected":false},"author":1,"featured_media":0,"parent":0,"menu_order":0,"comment_status":"closed","ping_status":"closed","template":"","meta":{"_acf_changed":false,"inline_featured_image":false,"footnotes":""},"class_list":["post-2214","page","type-page","status-publish","hentry"],"acf":[],"_links":{"self":[{"href":"https:\/\/megatape.eu\/de\/wp-json\/wp\/v2\/pages\/2214","targetHints":{"allow":["GET"]}}],"collection":[{"href":"https:\/\/megatape.eu\/de\/wp-json\/wp\/v2\/pages"}],"about":[{"href":"https:\/\/megatape.eu\/de\/wp-json\/wp\/v2\/types\/page"}],"author":[{"embeddable":true,"href":"https:\/\/megatape.eu\/de\/wp-json\/wp\/v2\/users\/1"}],"replies":[{"embeddable":true,"href":"https:\/\/megatape.eu\/de\/wp-json\/wp\/v2\/comments?post=2214"}],"version-history":[{"count":5,"href":"https:\/\/megatape.eu\/de\/wp-json\/wp\/v2\/pages\/2214\/revisions"}],"predecessor-version":[{"id":2840,"href":"https:\/\/megatape.eu\/de\/wp-json\/wp\/v2\/pages\/2214\/revisions\/2840"}],"wp:attachment":[{"href":"https:\/\/megatape.eu\/de\/wp-json\/wp\/v2\/media?parent=2214"}],"curies":[{"name":"wp","href":"https:\/\/api.w.org\/{rel}","templated":true}]}}